{"id":209,"date":"2023-06-26T16:48:06","date_gmt":"2023-06-26T14:48:06","guid":{"rendered":"https:\/\/celinegatignon.ch\/?page_id=209"},"modified":"2023-07-24T17:22:58","modified_gmt":"2023-07-24T15:22:58","slug":"traitement-postural","status":"publish","type":"page","link":"https:\/\/celinegatignon.ch\/fr\/traitements\/traitement-postural\/","title":{"rendered":"Traitement postural"},"content":{"rendered":"\t\t<div data-elementor-type=\"wp-page\" data-elementor-id=\"209\" class=\"elementor elementor-209\" data-elementor-post-type=\"page\">\n\t\t\t\t\t\t<section class=\"elementor-section elementor-top-section elementor-element elementor-element-2873b18 elementor-section-full_width elementor-section-height-default elementor-section-height-default\" data-id=\"2873b18\" data-element_type=\"section\" data-e-type=\"section\">\n\t\t\t\t\t\t<div class=\"elementor-container elementor-column-gap-default\">\n\t\t\t\t\t<div class=\"elementor-column elementor-col-50 elementor-top-column elementor-element elementor-element-2adc4ee\" data-id=\"2adc4ee\" data-element_type=\"column\" data-e-type=\"column\">\n\t\t\t<div class=\"elementor-widget-wrap elementor-element-populated\">\n\t\t\t\t\t\t<section class=\"elementor-section elementor-inner-section elementor-element elementor-element-f1a0e7e elementor-section-height-min-height elementor-section-boxed elementor-section-height-default\" data-id=\"f1a0e7e\" data-element_type=\"section\" data-e-type=\"section\">\n\t\t\t\t\t\t<div class=\"elementor-container elementor-column-gap-default\">\n\t\t\t\t\t<div class=\"elementor-column elementor-col-100 elementor-inner-column elementor-element elementor-element-40e1a53\" data-id=\"40e1a53\" data-element_type=\"column\" data-e-type=\"column\" data-settings=\"{&quot;motion_fx_motion_fx_scrolling&quot;:&quot;yes&quot;,&quot;motion_fx_translateX_effect&quot;:&quot;yes&quot;,&quot;motion_fx_translateX_speed&quot;:{&quot;unit&quot;:&quot;px&quot;,&quot;size&quot;:&quot;1&quot;,&quot;sizes&quot;:[]},&quot;motion_fx_translateX_affectedRange&quot;:{&quot;unit&quot;:&quot;%&quot;,&quot;size&quot;:&quot;&quot;,&quot;sizes&quot;:{&quot;start&quot;:&quot;0&quot;,&quot;end&quot;:&quot;50&quot;}},&quot;motion_fx_devices&quot;:[&quot;desktop&quot;]}\">\n\t\t\t<div class=\"elementor-widget-wrap elementor-element-populated\">\n\t\t\t\t\t\t<div class=\"elementor-element elementor-element-d4de0ec elementor-widget elementor-widget-heading\" data-id=\"d4de0ec\" data-element_type=\"widget\" data-e-type=\"widget\" data-widget_type=\"heading.default\">\n\t\t\t\t<div class=\"elementor-widget-container\">\n\t\t\t\t\t<p class=\"elementor-heading-title elementor-size-default\">\"<\/p>\t\t\t\t<\/div>\n\t\t\t\t<\/div>\n\t\t\t\t<div class=\"elementor-element elementor-element-c0a3a0a elementor-widget elementor-widget-heading\" data-id=\"c0a3a0a\" data-element_type=\"widget\" data-e-type=\"widget\" data-widget_type=\"heading.default\">\n\t\t\t\t<div class=\"elementor-widget-container\">\n\t\t\t\t\t<h3 class=\"elementor-heading-title elementor-size-default\">Traitements<\/h3>\t\t\t\t<\/div>\n\t\t\t\t<\/div>\n\t\t\t\t<div class=\"elementor-element elementor-element-5db4de9 elementor-widget elementor-widget-heading\" data-id=\"5db4de9\" data-element_type=\"widget\" data-e-type=\"widget\" data-widget_type=\"heading.default\">\n\t\t\t\t<div class=\"elementor-widget-container\">\n\t\t\t\t\t<h1 class=\"elementor-heading-title elementor-size-default\">traitement\n<br><b> postural<\/b><\/h1>\t\t\t\t<\/div>\n\t\t\t\t<\/div>\n\t\t\t\t<div class=\"elementor-element elementor-element-2ca9396 elementor-widget elementor-widget-text-editor\" data-id=\"2ca9396\" data-element_type=\"widget\" data-e-type=\"widget\" data-widget_type=\"text-editor.default\">\n\t\t\t\t<div class=\"elementor-widget-container\">\n\t\t\t\t\t\t\t\t\t<p>Le traitement postural en physioth\u00e9rapie est une approche th\u00e9rapeutique qui vise \u00e0 \u00e9valuer et \u00e0 corriger les d\u00e9s\u00e9quilibres posturaux du corps. Il se concentre sur l&rsquo;am\u00e9lioration de la posture globale, en mettant l&rsquo;accent sur l&rsquo;alignement correct de la colonne vert\u00e9brale, des articulations et des muscles. Le traitement postural est souvent utilis\u00e9 pour traiter les probl\u00e8mes li\u00e9s \u00e0 une mauvaise posture, tels que les douleurs au dos, au cou, aux \u00e9paules et aux hanches.<\/p><p>Lors d&rsquo;une s\u00e9ance de traitement postural, le physioth\u00e9rapeute \u00e9value attentivement la posture du patient, en observant les d\u00e9s\u00e9quilibres musculaires, les courbures anormales de la colonne vert\u00e9brale et les compensations posturales. \u00c0 partir de cette \u00e9valuation, un plan de traitement individualis\u00e9 est \u00e9labor\u00e9, comprenant des exercices sp\u00e9cifiques visant \u00e0 renforcer les muscles faibles, \u00e0 \u00e9tirer les muscles tendus et \u00e0 r\u00e9aligner les structures du corps.<br \/>Le traitement postural en physioth\u00e9rapie peut inclure des exercices de renforcement musculaire ciblant les muscles du dos, du tronc, du cou et des membres inf\u00e9rieurs. Des techniques de rel\u00e2chement musculaire et d&rsquo;\u00e9tirement peuvent \u00e9galement \u00eatre utilis\u00e9es pour d\u00e9tendre les muscles tendus et am\u00e9liorer la flexibilit\u00e9.<\/p><p>En parall\u00e8le, le physioth\u00e9rapeute peut fournir des conseils et des recommandations pour maintenir une bonne posture au quotidien, que ce soit au travail, \u00e0 la maison ou pendant les activit\u00e9s physiques. Cela peut impliquer des ajustements ergonomiques, des techniques de levage appropri\u00e9es, des conseils sur l&rsquo;ergonomie du bureau, ainsi que des conseils sur la meilleure fa\u00e7on de s&rsquo;asseoir, de se tenir debout et de se d\u00e9placer pour pr\u00e9venir les tensions et les douleurs posturales.<\/p><p>Le traitement postural en physioth\u00e9rapie vise \u00e0 restaurer un alignement corporel optimal, \u00e0 soulager les douleurs li\u00e9es \u00e0 la mauvaise posture et \u00e0 pr\u00e9venir les complications \u00e0 long terme. En am\u00e9liorant la posture, il favorise \u00e9galement un meilleur fonctionnement global du corps, une meilleure stabilit\u00e9 et une r\u00e9duction des tensions musculaires, contribuant ainsi \u00e0 une meilleure qualit\u00e9 de vie.<\/p>\t\t\t\t\t\t\t\t<\/div>\n\t\t\t\t<\/div>\n\t\t\t\t\t<\/div>\n\t\t<\/div>\n\t\t\t\t\t<\/div>\n\t\t<\/section>\n\t\t\t\t\t<\/div>\n\t\t<\/div>\n\t\t\t\t<div class=\"elementor-column elementor-col-50 elementor-top-column elementor-element elementor-element-65fb162\" data-id=\"65fb162\" data-element_type=\"column\" data-e-type=\"column\">\n\t\t\t<div class=\"elementor-widget-wrap elementor-element-populated\">\n\t\t\t\t\t\t<div class=\"elementor-element elementor-element-c31e571 elementor-widget elementor-widget-image\" data-id=\"c31e571\" data-element_type=\"widget\" data-e-type=\"widget\" data-widget_type=\"image.default\">\n\t\t\t\t<div class=\"elementor-widget-container\">\n\t\t\t\t\t\t\t\t\t\t\t\t\t\t\t<img fetchpriority=\"high\" decoding=\"async\" width=\"700\" height=\"700\" src=\"https:\/\/celinegatignon.ch\/wp-content\/uploads\/physio-nyon-traitement-postural.jpg\" class=\"attachment-large size-large wp-image-457\" alt=\"Physio Nyon - Traitement postural\" srcset=\"https:\/\/celinegatignon.ch\/wp-content\/uploads\/physio-nyon-traitement-postural.jpg 700w, https:\/\/celinegatignon.ch\/wp-content\/uploads\/physio-nyon-traitement-postural-300x300.jpg 300w, https:\/\/celinegatignon.ch\/wp-content\/uploads\/physio-nyon-traitement-postural-150x150.jpg 150w\" sizes=\"(max-width: 700px) 100vw, 700px\" \/>\t\t\t\t\t\t\t\t\t\t\t\t\t\t\t<\/div>\n\t\t\t\t<\/div>\n\t\t\t\t<div class=\"elementor-element elementor-element-d20b12e elementor-widget__width-auto elementor-widget elementor-widget-heading\" data-id=\"d20b12e\" data-element_type=\"widget\" data-e-type=\"widget\" data-widget_type=\"heading.default\">\n\t\t\t\t<div class=\"elementor-widget-container\">\n\t\t\t\t\t<h2 class=\"elementor-heading-title elementor-size-default\">Traitement postural<\/h2>\t\t\t\t<\/div>\n\t\t\t\t<\/div>\n\t\t\t\t\t<\/div>\n\t\t<\/div>\n\t\t\t\t\t<\/div>\n\t\t<\/section>\n\t\t\t\t<\/div>\n\t\t","protected":false},"excerpt":{"rendered":"<p>\u00ab\u00a0 Traitements traitement postural Le traitement postural en physioth\u00e9rapie est une approche th\u00e9rapeutique qui vise \u00e0 \u00e9valuer et \u00e0 corriger les d\u00e9s\u00e9quilibres posturaux du corps. Il se concentre sur l&rsquo;am\u00e9lioration de la posture globale, en mettant l&rsquo;accent sur l&rsquo;alignement correct de la colonne vert\u00e9brale, des articulations et des muscles. Le traitement postural est souvent utilis\u00e9 [&hellip;]<\/p>\n","protected":false},"author":2,"featured_media":457,"parent":183,"menu_order":0,"comment_status":"closed","ping_status":"closed","template":"","meta":{"footnotes":""},"class_list":["post-209","page","type-page","status-publish","has-post-thumbnail","hentry"],"_links":{"self":[{"href":"https:\/\/celinegatignon.ch\/fr\/wp-json\/wp\/v2\/pages\/209","targetHints":{"allow":["GET"]}}],"collection":[{"href":"https:\/\/celinegatignon.ch\/fr\/wp-json\/wp\/v2\/pages"}],"about":[{"href":"https:\/\/celinegatignon.ch\/fr\/wp-json\/wp\/v2\/types\/page"}],"author":[{"embeddable":true,"href":"https:\/\/celinegatignon.ch\/fr\/wp-json\/wp\/v2\/users\/2"}],"replies":[{"embeddable":true,"href":"https:\/\/celinegatignon.ch\/fr\/wp-json\/wp\/v2\/comments?post=209"}],"version-history":[{"count":13,"href":"https:\/\/celinegatignon.ch\/fr\/wp-json\/wp\/v2\/pages\/209\/revisions"}],"predecessor-version":[{"id":738,"href":"https:\/\/celinegatignon.ch\/fr\/wp-json\/wp\/v2\/pages\/209\/revisions\/738"}],"up":[{"embeddable":true,"href":"https:\/\/celinegatignon.ch\/fr\/wp-json\/wp\/v2\/pages\/183"}],"wp:featuredmedia":[{"embeddable":true,"href":"https:\/\/celinegatignon.ch\/fr\/wp-json\/wp\/v2\/media\/457"}],"wp:attachment":[{"href":"https:\/\/celinegatignon.ch\/fr\/wp-json\/wp\/v2\/media?parent=209"}],"curies":[{"name":"wp","href":"https:\/\/api.w.org\/{rel}","templated":true}]}}