{"id":207,"date":"2023-06-26T16:47:26","date_gmt":"2023-06-26T14:47:26","guid":{"rendered":"https:\/\/celinegatignon.ch\/?page_id=207"},"modified":"2023-07-24T17:12:50","modified_gmt":"2023-07-24T15:12:50","slug":"drainage-lymphatique","status":"publish","type":"page","link":"https:\/\/celinegatignon.ch\/fr\/traitements\/drainage-lymphatique\/","title":{"rendered":"Drainage lymphatique"},"content":{"rendered":"\t\t<div data-elementor-type=\"wp-page\" data-elementor-id=\"207\" class=\"elementor elementor-207\" data-elementor-post-type=\"page\">\n\t\t\t\t\t\t<section class=\"elementor-section elementor-top-section elementor-element elementor-element-37da18d elementor-section-full_width elementor-section-height-default elementor-section-height-default\" data-id=\"37da18d\" data-element_type=\"section\" data-e-type=\"section\">\n\t\t\t\t\t\t<div class=\"elementor-container elementor-column-gap-default\">\n\t\t\t\t\t<div class=\"elementor-column elementor-col-50 elementor-top-column elementor-element elementor-element-e835f5c\" data-id=\"e835f5c\" data-element_type=\"column\" data-e-type=\"column\">\n\t\t\t<div class=\"elementor-widget-wrap elementor-element-populated\">\n\t\t\t\t\t\t<section class=\"elementor-section elementor-inner-section elementor-element elementor-element-114e8b9 elementor-section-height-min-height elementor-section-boxed elementor-section-height-default\" data-id=\"114e8b9\" data-element_type=\"section\" data-e-type=\"section\">\n\t\t\t\t\t\t<div class=\"elementor-container elementor-column-gap-default\">\n\t\t\t\t\t<div class=\"elementor-column elementor-col-100 elementor-inner-column elementor-element elementor-element-c293407\" data-id=\"c293407\" data-element_type=\"column\" data-e-type=\"column\" data-settings=\"{&quot;motion_fx_motion_fx_scrolling&quot;:&quot;yes&quot;,&quot;motion_fx_translateX_effect&quot;:&quot;yes&quot;,&quot;motion_fx_translateX_speed&quot;:{&quot;unit&quot;:&quot;px&quot;,&quot;size&quot;:&quot;1&quot;,&quot;sizes&quot;:[]},&quot;motion_fx_translateX_affectedRange&quot;:{&quot;unit&quot;:&quot;%&quot;,&quot;size&quot;:&quot;&quot;,&quot;sizes&quot;:{&quot;start&quot;:&quot;0&quot;,&quot;end&quot;:&quot;50&quot;}},&quot;motion_fx_devices&quot;:[&quot;desktop&quot;]}\">\n\t\t\t<div class=\"elementor-widget-wrap elementor-element-populated\">\n\t\t\t\t\t\t<div class=\"elementor-element elementor-element-beb08cd elementor-widget elementor-widget-heading\" data-id=\"beb08cd\" data-element_type=\"widget\" data-e-type=\"widget\" data-widget_type=\"heading.default\">\n\t\t\t\t<div class=\"elementor-widget-container\">\n\t\t\t\t\t<p class=\"elementor-heading-title elementor-size-default\">\"<\/p>\t\t\t\t<\/div>\n\t\t\t\t<\/div>\n\t\t\t\t<div class=\"elementor-element elementor-element-af06eba elementor-widget elementor-widget-heading\" data-id=\"af06eba\" data-element_type=\"widget\" data-e-type=\"widget\" data-widget_type=\"heading.default\">\n\t\t\t\t<div class=\"elementor-widget-container\">\n\t\t\t\t\t<h3 class=\"elementor-heading-title elementor-size-default\">Traitements<\/h3>\t\t\t\t<\/div>\n\t\t\t\t<\/div>\n\t\t\t\t<div class=\"elementor-element elementor-element-0cb7e63 elementor-widget elementor-widget-heading\" data-id=\"0cb7e63\" data-element_type=\"widget\" data-e-type=\"widget\" data-widget_type=\"heading.default\">\n\t\t\t\t<div class=\"elementor-widget-container\">\n\t\t\t\t\t<h1 class=\"elementor-heading-title elementor-size-default\">Drainage\n<br><b>lymphatique<\/b><\/h1>\t\t\t\t<\/div>\n\t\t\t\t<\/div>\n\t\t\t\t<div class=\"elementor-element elementor-element-5b1321f elementor-widget elementor-widget-text-editor\" data-id=\"5b1321f\" data-element_type=\"widget\" data-e-type=\"widget\" data-widget_type=\"text-editor.default\">\n\t\t\t\t<div class=\"elementor-widget-container\">\n\t\t\t\t\t\t\t\t\t<p>Le drainage lymphatique en physioth\u00e9rapie est une technique sp\u00e9cifique qui vise \u00e0 am\u00e9liorer le fonctionnement du syst\u00e8me lymphatique, contribuant ainsi \u00e0 r\u00e9duire l&rsquo;enflure et \u00e0 favoriser la circulation lymphatique. Le syst\u00e8me lymphatique est essentiel pour \u00e9liminer les d\u00e9chets, les toxines et les exc\u00e8s de liquide des tissus du corps, mais parfois, il peut \u00eatre perturb\u00e9 par des blessures, une intervention chirurgicale, des probl\u00e8mes circulatoires ou d&rsquo;autres affections m\u00e9dicales.<\/p><p>Le drainage lymphatique est effectu\u00e9 par des physioth\u00e9rapeutes sp\u00e9cialement form\u00e9s, utilisant des mouvements doux, rythmiques et r\u00e9p\u00e9titifs pour stimuler la circulation de la lymphe dans le syst\u00e8me lymphatique. Ces mouvements d\u00e9licats aident \u00e0 d\u00e9placer l&rsquo;exc\u00e8s de liquide vers les ganglions lymphatiques, o\u00f9 il peut \u00eatre filtr\u00e9 et \u00e9limin\u00e9 du corps de mani\u00e8re plus efficace.<\/p><p>Cette technique est couramment utilis\u00e9e pour traiter les \u0153d\u00e8mes (enflures) caus\u00e9s par des traumatismes, des troubles circulatoires, des op\u00e9rations chirurgicales, la lymph\u0153d\u00e8me (accumulation de liquide lymphatique due \u00e0 une alt\u00e9ration du syst\u00e8me lymphatique) et d&rsquo;autres conditions m\u00e9dicales.<\/p><p>Le drainage lymphatique en physioth\u00e9rapie peut offrir des avantages tels que la r\u00e9duction de l&rsquo;enflure, la diminution de la douleur, l&rsquo;am\u00e9lioration de la cicatrisation des tissus et la promotion du bien-\u00eatre g\u00e9n\u00e9ral. Il est g\u00e9n\u00e9ralement r\u00e9alis\u00e9 de mani\u00e8re douce et indolore, ce qui en fait une approche th\u00e9rapeutique s\u00e9curitaire et efficace pour aider les patients \u00e0 mieux g\u00e9rer les probl\u00e8mes li\u00e9s au syst\u00e8me lymphatique.<\/p>\t\t\t\t\t\t\t\t<\/div>\n\t\t\t\t<\/div>\n\t\t\t\t\t<\/div>\n\t\t<\/div>\n\t\t\t\t\t<\/div>\n\t\t<\/section>\n\t\t\t\t\t<\/div>\n\t\t<\/div>\n\t\t\t\t<div class=\"elementor-column elementor-col-50 elementor-top-column elementor-element elementor-element-b19b7fc\" data-id=\"b19b7fc\" data-element_type=\"column\" data-e-type=\"column\">\n\t\t\t<div class=\"elementor-widget-wrap elementor-element-populated\">\n\t\t\t\t\t\t<div class=\"elementor-element elementor-element-2f7cbf8 elementor-widget elementor-widget-image\" data-id=\"2f7cbf8\" data-element_type=\"widget\" data-e-type=\"widget\" data-widget_type=\"image.default\">\n\t\t\t\t<div class=\"elementor-widget-container\">\n\t\t\t\t\t\t\t\t\t\t\t\t\t\t\t<img fetchpriority=\"high\" decoding=\"async\" width=\"700\" height=\"700\" src=\"https:\/\/celinegatignon.ch\/wp-content\/uploads\/physio-nyon-drainage-lymphatique.jpg\" class=\"attachment-large size-large wp-image-446\" alt=\"Physio Nyon - Drainage lymphatique\" srcset=\"https:\/\/celinegatignon.ch\/wp-content\/uploads\/physio-nyon-drainage-lymphatique.jpg 700w, https:\/\/celinegatignon.ch\/wp-content\/uploads\/physio-nyon-drainage-lymphatique-300x300.jpg 300w, https:\/\/celinegatignon.ch\/wp-content\/uploads\/physio-nyon-drainage-lymphatique-150x150.jpg 150w\" sizes=\"(max-width: 700px) 100vw, 700px\" \/>\t\t\t\t\t\t\t\t\t\t\t\t\t\t\t<\/div>\n\t\t\t\t<\/div>\n\t\t\t\t<div class=\"elementor-element elementor-element-86dc503 elementor-widget__width-auto elementor-widget elementor-widget-heading\" data-id=\"86dc503\" data-element_type=\"widget\" data-e-type=\"widget\" data-widget_type=\"heading.default\">\n\t\t\t\t<div class=\"elementor-widget-container\">\n\t\t\t\t\t<h2 class=\"elementor-heading-title elementor-size-default\">Drainage lymphatique<\/h2>\t\t\t\t<\/div>\n\t\t\t\t<\/div>\n\t\t\t\t\t<\/div>\n\t\t<\/div>\n\t\t\t\t\t<\/div>\n\t\t<\/section>\n\t\t\t\t<\/div>\n\t\t","protected":false},"excerpt":{"rendered":"<p>\u00ab\u00a0 Traitements Drainage lymphatique Le drainage lymphatique en physioth\u00e9rapie est une technique sp\u00e9cifique qui vise \u00e0 am\u00e9liorer le fonctionnement du syst\u00e8me lymphatique, contribuant ainsi \u00e0 r\u00e9duire l&rsquo;enflure et \u00e0 favoriser la circulation lymphatique. Le syst\u00e8me lymphatique est essentiel pour \u00e9liminer les d\u00e9chets, les toxines et les exc\u00e8s de liquide des tissus du corps, mais parfois, [&hellip;]<\/p>\n","protected":false},"author":2,"featured_media":446,"parent":183,"menu_order":0,"comment_status":"closed","ping_status":"closed","template":"","meta":{"footnotes":""},"class_list":["post-207","page","type-page","status-publish","has-post-thumbnail","hentry"],"_links":{"self":[{"href":"https:\/\/celinegatignon.ch\/fr\/wp-json\/wp\/v2\/pages\/207","targetHints":{"allow":["GET"]}}],"collection":[{"href":"https:\/\/celinegatignon.ch\/fr\/wp-json\/wp\/v2\/pages"}],"about":[{"href":"https:\/\/celinegatignon.ch\/fr\/wp-json\/wp\/v2\/types\/page"}],"author":[{"embeddable":true,"href":"https:\/\/celinegatignon.ch\/fr\/wp-json\/wp\/v2\/users\/2"}],"replies":[{"embeddable":true,"href":"https:\/\/celinegatignon.ch\/fr\/wp-json\/wp\/v2\/comments?post=207"}],"version-history":[{"count":16,"href":"https:\/\/celinegatignon.ch\/fr\/wp-json\/wp\/v2\/pages\/207\/revisions"}],"predecessor-version":[{"id":718,"href":"https:\/\/celinegatignon.ch\/fr\/wp-json\/wp\/v2\/pages\/207\/revisions\/718"}],"up":[{"embeddable":true,"href":"https:\/\/celinegatignon.ch\/fr\/wp-json\/wp\/v2\/pages\/183"}],"wp:featuredmedia":[{"embeddable":true,"href":"https:\/\/celinegatignon.ch\/fr\/wp-json\/wp\/v2\/media\/446"}],"wp:attachment":[{"href":"https:\/\/celinegatignon.ch\/fr\/wp-json\/wp\/v2\/media?parent=207"}],"curies":[{"name":"wp","href":"https:\/\/api.w.org\/{rel}","templated":true}]}}