{"id":205,"date":"2023-06-26T16:46:53","date_gmt":"2023-06-26T14:46:53","guid":{"rendered":"https:\/\/celinegatignon.ch\/?page_id=205"},"modified":"2023-07-24T17:20:46","modified_gmt":"2023-07-24T15:20:46","slug":"rhumatologie","status":"publish","type":"page","link":"https:\/\/celinegatignon.ch\/fr\/traitements\/rhumatologie\/","title":{"rendered":"Rhumatologie"},"content":{"rendered":"\t\t<div data-elementor-type=\"wp-page\" data-elementor-id=\"205\" class=\"elementor elementor-205\" data-elementor-post-type=\"page\">\n\t\t\t\t\t\t<section class=\"elementor-section elementor-top-section elementor-element elementor-element-a1360b9 elementor-section-full_width elementor-section-height-default elementor-section-height-default\" data-id=\"a1360b9\" data-element_type=\"section\" data-e-type=\"section\">\n\t\t\t\t\t\t<div class=\"elementor-container elementor-column-gap-default\">\n\t\t\t\t\t<div class=\"elementor-column elementor-col-50 elementor-top-column elementor-element elementor-element-4110533\" data-id=\"4110533\" data-element_type=\"column\" data-e-type=\"column\">\n\t\t\t<div class=\"elementor-widget-wrap elementor-element-populated\">\n\t\t\t\t\t\t<section class=\"elementor-section elementor-inner-section elementor-element elementor-element-12531fe elementor-section-height-min-height elementor-section-boxed elementor-section-height-default\" data-id=\"12531fe\" data-element_type=\"section\" data-e-type=\"section\">\n\t\t\t\t\t\t<div class=\"elementor-container elementor-column-gap-default\">\n\t\t\t\t\t<div class=\"elementor-column elementor-col-100 elementor-inner-column elementor-element elementor-element-4a31cc3\" data-id=\"4a31cc3\" data-element_type=\"column\" data-e-type=\"column\" data-settings=\"{&quot;motion_fx_motion_fx_scrolling&quot;:&quot;yes&quot;,&quot;motion_fx_translateX_effect&quot;:&quot;yes&quot;,&quot;motion_fx_translateX_speed&quot;:{&quot;unit&quot;:&quot;px&quot;,&quot;size&quot;:&quot;1&quot;,&quot;sizes&quot;:[]},&quot;motion_fx_translateX_affectedRange&quot;:{&quot;unit&quot;:&quot;%&quot;,&quot;size&quot;:&quot;&quot;,&quot;sizes&quot;:{&quot;start&quot;:&quot;0&quot;,&quot;end&quot;:&quot;50&quot;}},&quot;motion_fx_devices&quot;:[&quot;desktop&quot;]}\">\n\t\t\t<div class=\"elementor-widget-wrap elementor-element-populated\">\n\t\t\t\t\t\t<div class=\"elementor-element elementor-element-d82da50 elementor-widget elementor-widget-heading\" data-id=\"d82da50\" data-element_type=\"widget\" data-e-type=\"widget\" data-widget_type=\"heading.default\">\n\t\t\t\t<div class=\"elementor-widget-container\">\n\t\t\t\t\t<p class=\"elementor-heading-title elementor-size-default\">\"<\/p>\t\t\t\t<\/div>\n\t\t\t\t<\/div>\n\t\t\t\t<div class=\"elementor-element elementor-element-5670a58 elementor-widget elementor-widget-heading\" data-id=\"5670a58\" data-element_type=\"widget\" data-e-type=\"widget\" data-widget_type=\"heading.default\">\n\t\t\t\t<div class=\"elementor-widget-container\">\n\t\t\t\t\t<h3 class=\"elementor-heading-title elementor-size-default\">Traitements<\/h3>\t\t\t\t<\/div>\n\t\t\t\t<\/div>\n\t\t\t\t<div class=\"elementor-element elementor-element-db88e0a elementor-widget elementor-widget-heading\" data-id=\"db88e0a\" data-element_type=\"widget\" data-e-type=\"widget\" data-widget_type=\"heading.default\">\n\t\t\t\t<div class=\"elementor-widget-container\">\n\t\t\t\t\t<h1 class=\"elementor-heading-title elementor-size-default\">Rhumatologie<\/h1>\t\t\t\t<\/div>\n\t\t\t\t<\/div>\n\t\t\t\t<div class=\"elementor-element elementor-element-0c8e070 elementor-widget elementor-widget-text-editor\" data-id=\"0c8e070\" data-element_type=\"widget\" data-e-type=\"widget\" data-widget_type=\"text-editor.default\">\n\t\t\t\t<div class=\"elementor-widget-container\">\n\t\t\t\t\t\t\t\t\t<p><span style=\"font-weight: 400;\">La rhumatologie en physioth\u00e9rapie est une sp\u00e9cialit\u00e9 qui se concentre sur le traitement des affections rhumatologiques, telles que l&rsquo;arthrite, la fibromyalgie, la spondylarthrite ankylosante et d&rsquo;autres troubles inflammatoires et d\u00e9g\u00e9n\u00e9ratifs touchant les articulations, les muscles et les tissus mous. Les physioth\u00e9rapeutes sp\u00e9cialis\u00e9s en rhumatologie travaillent en \u00e9troite collaboration avec les rhumatologues pour aider les patients \u00e0 g\u00e9rer la douleur, \u00e0 am\u00e9liorer la fonction et \u00e0 maintenir leur qualit\u00e9 de vie.<\/span><\/p><p><span style=\"font-weight: 400;\">Le physioth\u00e9rapeute en rhumatologie \u00e9value les sympt\u00f4mes, les limitations fonctionnelles et les besoins sp\u00e9cifiques du patient. En utilisant des techniques adapt\u00e9es, ils mettent en place un plan de traitement personnalis\u00e9 visant \u00e0 r\u00e9duire la douleur, \u00e0 am\u00e9liorer la mobilit\u00e9 articulaire, \u00e0 renforcer les muscles affaiblis et \u00e0 am\u00e9liorer la posture. Ils peuvent utiliser des approches telles que la th\u00e9rapie manuelle, les exercices th\u00e9rapeutiques et l&rsquo;\u00e9ducation du patient pour favoriser la gestion de la douleur et l&rsquo;am\u00e9lioration de la fonction.<\/span><\/p><p><span style=\"font-weight: 400;\">La physioth\u00e9rapie en rhumatologie vise \u00e9galement \u00e0 fournir aux patients les outils et les strat\u00e9gies d&rsquo;autogestion pour qu&rsquo;ils puissent prendre en charge leur condition \u00e0 long terme. Les physioth\u00e9rapeutes travaillent en \u00e9troite collaboration avec les patients pour les informer sur les activit\u00e9s \u00e0 \u00e9viter, les modifications de l&rsquo;environnement et les techniques d&rsquo;auto-soins pour minimiser les douleurs et les inflammations.<\/span><\/p><p><span style=\"font-weight: 400;\">L&rsquo;objectif global de la physioth\u00e9rapie en rhumatologie est d&rsquo;aider les patients \u00e0 maintenir leur ind\u00e9pendance, \u00e0 am\u00e9liorer leur qualit\u00e9 de vie et \u00e0 favoriser une gestion efficace de leur condition rhumatologique.<\/span><\/p>\t\t\t\t\t\t\t\t<\/div>\n\t\t\t\t<\/div>\n\t\t\t\t\t<\/div>\n\t\t<\/div>\n\t\t\t\t\t<\/div>\n\t\t<\/section>\n\t\t\t\t\t<\/div>\n\t\t<\/div>\n\t\t\t\t<div class=\"elementor-column elementor-col-50 elementor-top-column elementor-element elementor-element-6e34257\" data-id=\"6e34257\" data-element_type=\"column\" data-e-type=\"column\">\n\t\t\t<div class=\"elementor-widget-wrap elementor-element-populated\">\n\t\t\t\t\t\t<div class=\"elementor-element elementor-element-b73eb7a elementor-widget elementor-widget-image\" data-id=\"b73eb7a\" data-element_type=\"widget\" data-e-type=\"widget\" data-widget_type=\"image.default\">\n\t\t\t\t<div class=\"elementor-widget-container\">\n\t\t\t\t\t\t\t\t\t\t\t\t\t\t\t<img fetchpriority=\"high\" decoding=\"async\" width=\"700\" height=\"700\" src=\"https:\/\/celinegatignon.ch\/wp-content\/uploads\/physio-nyon-rhumatologie.jpg\" class=\"attachment-large size-large wp-image-437\" alt=\"Physio Nyon - Rhumatologie\" srcset=\"https:\/\/celinegatignon.ch\/wp-content\/uploads\/physio-nyon-rhumatologie.jpg 700w, https:\/\/celinegatignon.ch\/wp-content\/uploads\/physio-nyon-rhumatologie-300x300.jpg 300w, https:\/\/celinegatignon.ch\/wp-content\/uploads\/physio-nyon-rhumatologie-150x150.jpg 150w\" sizes=\"(max-width: 700px) 100vw, 700px\" \/>\t\t\t\t\t\t\t\t\t\t\t\t\t\t\t<\/div>\n\t\t\t\t<\/div>\n\t\t\t\t<div class=\"elementor-element elementor-element-43e4793 elementor-widget__width-auto elementor-widget elementor-widget-heading\" data-id=\"43e4793\" data-element_type=\"widget\" data-e-type=\"widget\" data-widget_type=\"heading.default\">\n\t\t\t\t<div class=\"elementor-widget-container\">\n\t\t\t\t\t<h2 class=\"elementor-heading-title elementor-size-default\">Rhumatologie<\/h2>\t\t\t\t<\/div>\n\t\t\t\t<\/div>\n\t\t\t\t\t<\/div>\n\t\t<\/div>\n\t\t\t\t\t<\/div>\n\t\t<\/section>\n\t\t\t\t<\/div>\n\t\t","protected":false},"excerpt":{"rendered":"<p>\u00ab\u00a0 Traitements Rhumatologie La rhumatologie en physioth\u00e9rapie est une sp\u00e9cialit\u00e9 qui se concentre sur le traitement des affections rhumatologiques, telles que l&rsquo;arthrite, la fibromyalgie, la spondylarthrite ankylosante et d&rsquo;autres troubles inflammatoires et d\u00e9g\u00e9n\u00e9ratifs touchant les articulations, les muscles et les tissus mous. Les physioth\u00e9rapeutes sp\u00e9cialis\u00e9s en rhumatologie travaillent en \u00e9troite collaboration avec les rhumatologues pour [&hellip;]<\/p>\n","protected":false},"author":2,"featured_media":437,"parent":183,"menu_order":0,"comment_status":"closed","ping_status":"closed","template":"","meta":{"footnotes":""},"class_list":["post-205","page","type-page","status-publish","has-post-thumbnail","hentry"],"_links":{"self":[{"href":"https:\/\/celinegatignon.ch\/fr\/wp-json\/wp\/v2\/pages\/205","targetHints":{"allow":["GET"]}}],"collection":[{"href":"https:\/\/celinegatignon.ch\/fr\/wp-json\/wp\/v2\/pages"}],"about":[{"href":"https:\/\/celinegatignon.ch\/fr\/wp-json\/wp\/v2\/types\/page"}],"author":[{"embeddable":true,"href":"https:\/\/celinegatignon.ch\/fr\/wp-json\/wp\/v2\/users\/2"}],"replies":[{"embeddable":true,"href":"https:\/\/celinegatignon.ch\/fr\/wp-json\/wp\/v2\/comments?post=205"}],"version-history":[{"count":13,"href":"https:\/\/celinegatignon.ch\/fr\/wp-json\/wp\/v2\/pages\/205\/revisions"}],"predecessor-version":[{"id":733,"href":"https:\/\/celinegatignon.ch\/fr\/wp-json\/wp\/v2\/pages\/205\/revisions\/733"}],"up":[{"embeddable":true,"href":"https:\/\/celinegatignon.ch\/fr\/wp-json\/wp\/v2\/pages\/183"}],"wp:featuredmedia":[{"embeddable":true,"href":"https:\/\/celinegatignon.ch\/fr\/wp-json\/wp\/v2\/media\/437"}],"wp:attachment":[{"href":"https:\/\/celinegatignon.ch\/fr\/wp-json\/wp\/v2\/media?parent=205"}],"curies":[{"name":"wp","href":"https:\/\/api.w.org\/{rel}","templated":true}]}}