{"id":203,"date":"2023-06-26T16:46:26","date_gmt":"2023-06-26T14:46:26","guid":{"rendered":"https:\/\/celinegatignon.ch\/?page_id=203"},"modified":"2023-07-24T17:26:55","modified_gmt":"2023-07-24T15:26:55","slug":"traumatologie","status":"publish","type":"page","link":"https:\/\/celinegatignon.ch\/fr\/traitements\/traumatologie\/","title":{"rendered":"Traumatologie"},"content":{"rendered":"\t\t<div data-elementor-type=\"wp-page\" data-elementor-id=\"203\" class=\"elementor elementor-203\" data-elementor-post-type=\"page\">\n\t\t\t\t\t\t<section class=\"elementor-section elementor-top-section elementor-element elementor-element-b6a4e07 elementor-section-full_width elementor-section-height-default elementor-section-height-default\" data-id=\"b6a4e07\" data-element_type=\"section\" data-e-type=\"section\">\n\t\t\t\t\t\t<div class=\"elementor-container elementor-column-gap-default\">\n\t\t\t\t\t<div class=\"elementor-column elementor-col-50 elementor-top-column elementor-element elementor-element-3bfb05b\" data-id=\"3bfb05b\" data-element_type=\"column\" data-e-type=\"column\">\n\t\t\t<div class=\"elementor-widget-wrap elementor-element-populated\">\n\t\t\t\t\t\t<section class=\"elementor-section elementor-inner-section elementor-element elementor-element-1505573 elementor-section-height-min-height elementor-section-boxed elementor-section-height-default\" data-id=\"1505573\" data-element_type=\"section\" data-e-type=\"section\">\n\t\t\t\t\t\t<div class=\"elementor-container elementor-column-gap-default\">\n\t\t\t\t\t<div class=\"elementor-column elementor-col-100 elementor-inner-column elementor-element elementor-element-2255901\" data-id=\"2255901\" data-element_type=\"column\" data-e-type=\"column\" data-settings=\"{&quot;motion_fx_motion_fx_scrolling&quot;:&quot;yes&quot;,&quot;motion_fx_translateX_effect&quot;:&quot;yes&quot;,&quot;motion_fx_translateX_speed&quot;:{&quot;unit&quot;:&quot;px&quot;,&quot;size&quot;:&quot;1&quot;,&quot;sizes&quot;:[]},&quot;motion_fx_translateX_affectedRange&quot;:{&quot;unit&quot;:&quot;%&quot;,&quot;size&quot;:&quot;&quot;,&quot;sizes&quot;:{&quot;start&quot;:&quot;0&quot;,&quot;end&quot;:&quot;50&quot;}},&quot;motion_fx_devices&quot;:[&quot;desktop&quot;]}\">\n\t\t\t<div class=\"elementor-widget-wrap elementor-element-populated\">\n\t\t\t\t\t\t<div class=\"elementor-element elementor-element-8cbdad7 elementor-widget elementor-widget-heading\" data-id=\"8cbdad7\" data-element_type=\"widget\" data-e-type=\"widget\" data-widget_type=\"heading.default\">\n\t\t\t\t<div class=\"elementor-widget-container\">\n\t\t\t\t\t<p class=\"elementor-heading-title elementor-size-default\">\"<\/p>\t\t\t\t<\/div>\n\t\t\t\t<\/div>\n\t\t\t\t<div class=\"elementor-element elementor-element-590d35e elementor-widget elementor-widget-heading\" data-id=\"590d35e\" data-element_type=\"widget\" data-e-type=\"widget\" data-widget_type=\"heading.default\">\n\t\t\t\t<div class=\"elementor-widget-container\">\n\t\t\t\t\t<h3 class=\"elementor-heading-title elementor-size-default\">Traitements<\/h3>\t\t\t\t<\/div>\n\t\t\t\t<\/div>\n\t\t\t\t<div class=\"elementor-element elementor-element-71512f4 elementor-widget elementor-widget-heading\" data-id=\"71512f4\" data-element_type=\"widget\" data-e-type=\"widget\" data-widget_type=\"heading.default\">\n\t\t\t\t<div class=\"elementor-widget-container\">\n\t\t\t\t\t<h1 class=\"elementor-heading-title elementor-size-default\">Traumatologie<\/h1>\t\t\t\t<\/div>\n\t\t\t\t<\/div>\n\t\t\t\t<div class=\"elementor-element elementor-element-79778ca elementor-widget elementor-widget-text-editor\" data-id=\"79778ca\" data-element_type=\"widget\" data-e-type=\"widget\" data-widget_type=\"text-editor.default\">\n\t\t\t\t<div class=\"elementor-widget-container\">\n\t\t\t\t\t\t\t\t\t<p><span style=\"font-weight: 400;\">La traumatologie en physioth\u00e9rapie est une sp\u00e9cialit\u00e9 qui se concentre sur le traitement des blessures caus\u00e9es par des traumatismes, tels que les accidents de voiture, les chutes, les blessures sportives ou les fractures. Les physioth\u00e9rapeutes sp\u00e9cialis\u00e9s en traumatologie \u00e9valuent les blessures traumatiques, \u00e9tablissent un plan de traitement et travaillent en \u00e9troite collaboration avec d&rsquo;autres professionnels de la sant\u00e9 pour favoriser la gu\u00e9rison et la r\u00e9cup\u00e9ration optimale du patient.<\/span><\/p><p><span style=\"font-weight: 400;\">Le r\u00f4le du physioth\u00e9rapeute en traumatologie consiste \u00e0 soulager la douleur, \u00e0 r\u00e9duire l&rsquo;inflammation, \u00e0 restaurer la mobilit\u00e9 et \u00e0 renforcer les muscles et les structures affect\u00e9es par la blessure. Ils utilisent des techniques telles que la th\u00e9rapie manuelle, les exercices th\u00e9rapeutiques, les modalit\u00e9s physiques (comme la th\u00e9rapie par la chaleur ou le froid), la stimulation \u00e9lectrique et d&rsquo;autres approches sp\u00e9cifiques \u00e0 la blessure.<\/span><\/p><p><span style=\"font-weight: 400;\">En travaillant de pr\u00e8s avec le patient, le physioth\u00e9rapeute en traumatologie \u00e9tablit des objectifs de r\u00e9habilitation personnalis\u00e9s et guide le patient tout au long du processus de r\u00e9cup\u00e9ration. L&rsquo;objectif ultime est de restaurer la fonction, la force et la mobilit\u00e9, et de permettre au patient de retrouver une qualit\u00e9 de vie optimale apr\u00e8s une blessure traumatique.<\/span><\/p>\t\t\t\t\t\t\t\t<\/div>\n\t\t\t\t<\/div>\n\t\t\t\t\t<\/div>\n\t\t<\/div>\n\t\t\t\t\t<\/div>\n\t\t<\/section>\n\t\t\t\t\t<\/div>\n\t\t<\/div>\n\t\t\t\t<div class=\"elementor-column elementor-col-50 elementor-top-column elementor-element elementor-element-76e930f\" data-id=\"76e930f\" data-element_type=\"column\" data-e-type=\"column\">\n\t\t\t<div class=\"elementor-widget-wrap elementor-element-populated\">\n\t\t\t\t\t\t<div class=\"elementor-element elementor-element-f5a0ebf elementor-widget elementor-widget-image\" data-id=\"f5a0ebf\" data-element_type=\"widget\" data-e-type=\"widget\" data-widget_type=\"image.default\">\n\t\t\t\t<div class=\"elementor-widget-container\">\n\t\t\t\t\t\t\t\t\t\t\t\t\t\t\t<img fetchpriority=\"high\" decoding=\"async\" width=\"700\" height=\"700\" src=\"https:\/\/celinegatignon.ch\/wp-content\/uploads\/physio-nyon-traumatologie.jpg\" class=\"attachment-large size-large wp-image-429\" alt=\"Physio Nyon - Traumatologie\" srcset=\"https:\/\/celinegatignon.ch\/wp-content\/uploads\/physio-nyon-traumatologie.jpg 700w, https:\/\/celinegatignon.ch\/wp-content\/uploads\/physio-nyon-traumatologie-300x300.jpg 300w, https:\/\/celinegatignon.ch\/wp-content\/uploads\/physio-nyon-traumatologie-150x150.jpg 150w\" sizes=\"(max-width: 700px) 100vw, 700px\" \/>\t\t\t\t\t\t\t\t\t\t\t\t\t\t\t<\/div>\n\t\t\t\t<\/div>\n\t\t\t\t<div class=\"elementor-element elementor-element-cdd9e49 elementor-widget__width-auto elementor-widget elementor-widget-heading\" data-id=\"cdd9e49\" data-element_type=\"widget\" data-e-type=\"widget\" data-widget_type=\"heading.default\">\n\t\t\t\t<div class=\"elementor-widget-container\">\n\t\t\t\t\t<h2 class=\"elementor-heading-title elementor-size-default\">Traumatologie<\/h2>\t\t\t\t<\/div>\n\t\t\t\t<\/div>\n\t\t\t\t\t<\/div>\n\t\t<\/div>\n\t\t\t\t\t<\/div>\n\t\t<\/section>\n\t\t\t\t<\/div>\n\t\t","protected":false},"excerpt":{"rendered":"<p>\u00ab\u00a0 Traitements Traumatologie La traumatologie en physioth\u00e9rapie est une sp\u00e9cialit\u00e9 qui se concentre sur le traitement des blessures caus\u00e9es par des traumatismes, tels que les accidents de voiture, les chutes, les blessures sportives ou les fractures. Les physioth\u00e9rapeutes sp\u00e9cialis\u00e9s en traumatologie \u00e9valuent les blessures traumatiques, \u00e9tablissent un plan de traitement et travaillent en \u00e9troite collaboration [&hellip;]<\/p>\n","protected":false},"author":2,"featured_media":429,"parent":183,"menu_order":0,"comment_status":"closed","ping_status":"closed","template":"","meta":{"footnotes":""},"class_list":["post-203","page","type-page","status-publish","has-post-thumbnail","hentry"],"_links":{"self":[{"href":"https:\/\/celinegatignon.ch\/fr\/wp-json\/wp\/v2\/pages\/203","targetHints":{"allow":["GET"]}}],"collection":[{"href":"https:\/\/celinegatignon.ch\/fr\/wp-json\/wp\/v2\/pages"}],"about":[{"href":"https:\/\/celinegatignon.ch\/fr\/wp-json\/wp\/v2\/types\/page"}],"author":[{"embeddable":true,"href":"https:\/\/celinegatignon.ch\/fr\/wp-json\/wp\/v2\/users\/2"}],"replies":[{"embeddable":true,"href":"https:\/\/celinegatignon.ch\/fr\/wp-json\/wp\/v2\/comments?post=203"}],"version-history":[{"count":10,"href":"https:\/\/celinegatignon.ch\/fr\/wp-json\/wp\/v2\/pages\/203\/revisions"}],"predecessor-version":[{"id":751,"href":"https:\/\/celinegatignon.ch\/fr\/wp-json\/wp\/v2\/pages\/203\/revisions\/751"}],"up":[{"embeddable":true,"href":"https:\/\/celinegatignon.ch\/fr\/wp-json\/wp\/v2\/pages\/183"}],"wp:featuredmedia":[{"embeddable":true,"href":"https:\/\/celinegatignon.ch\/fr\/wp-json\/wp\/v2\/media\/429"}],"wp:attachment":[{"href":"https:\/\/celinegatignon.ch\/fr\/wp-json\/wp\/v2\/media?parent=203"}],"curies":[{"name":"wp","href":"https:\/\/api.w.org\/{rel}","templated":true}]}}