{"id":201,"date":"2023-06-26T16:45:53","date_gmt":"2023-06-26T14:45:53","guid":{"rendered":"https:\/\/celinegatignon.ch\/?page_id=201"},"modified":"2023-07-24T17:15:26","modified_gmt":"2023-07-24T15:15:26","slug":"orthopedie","status":"publish","type":"page","link":"https:\/\/celinegatignon.ch\/fr\/traitements\/orthopedie\/","title":{"rendered":"Orthop\u00e9die"},"content":{"rendered":"\t\t<div data-elementor-type=\"wp-page\" data-elementor-id=\"201\" class=\"elementor elementor-201\" data-elementor-post-type=\"page\">\n\t\t\t\t\t\t<section class=\"elementor-section elementor-top-section elementor-element elementor-element-89fd2de elementor-section-full_width elementor-section-height-default elementor-section-height-default\" data-id=\"89fd2de\" data-element_type=\"section\" data-e-type=\"section\">\n\t\t\t\t\t\t<div class=\"elementor-container elementor-column-gap-default\">\n\t\t\t\t\t<div class=\"elementor-column elementor-col-50 elementor-top-column elementor-element elementor-element-2acada5\" data-id=\"2acada5\" data-element_type=\"column\" data-e-type=\"column\">\n\t\t\t<div class=\"elementor-widget-wrap elementor-element-populated\">\n\t\t\t\t\t\t<section class=\"elementor-section elementor-inner-section elementor-element elementor-element-03d48b4 elementor-section-height-min-height elementor-section-boxed elementor-section-height-default\" data-id=\"03d48b4\" data-element_type=\"section\" data-e-type=\"section\">\n\t\t\t\t\t\t<div class=\"elementor-container elementor-column-gap-default\">\n\t\t\t\t\t<div class=\"elementor-column elementor-col-100 elementor-inner-column elementor-element elementor-element-c859f5c\" data-id=\"c859f5c\" data-element_type=\"column\" data-e-type=\"column\" data-settings=\"{&quot;motion_fx_motion_fx_scrolling&quot;:&quot;yes&quot;,&quot;motion_fx_translateX_effect&quot;:&quot;yes&quot;,&quot;motion_fx_translateX_speed&quot;:{&quot;unit&quot;:&quot;px&quot;,&quot;size&quot;:&quot;1&quot;,&quot;sizes&quot;:[]},&quot;motion_fx_translateX_affectedRange&quot;:{&quot;unit&quot;:&quot;%&quot;,&quot;size&quot;:&quot;&quot;,&quot;sizes&quot;:{&quot;start&quot;:&quot;0&quot;,&quot;end&quot;:&quot;50&quot;}},&quot;motion_fx_devices&quot;:[&quot;desktop&quot;]}\">\n\t\t\t<div class=\"elementor-widget-wrap elementor-element-populated\">\n\t\t\t\t\t\t<div class=\"elementor-element elementor-element-4949e50 elementor-widget elementor-widget-heading\" data-id=\"4949e50\" data-element_type=\"widget\" data-e-type=\"widget\" data-widget_type=\"heading.default\">\n\t\t\t\t<div class=\"elementor-widget-container\">\n\t\t\t\t\t<p class=\"elementor-heading-title elementor-size-default\">\"<\/p>\t\t\t\t<\/div>\n\t\t\t\t<\/div>\n\t\t\t\t<div class=\"elementor-element elementor-element-42a9f58 elementor-widget elementor-widget-heading\" data-id=\"42a9f58\" data-element_type=\"widget\" data-e-type=\"widget\" data-widget_type=\"heading.default\">\n\t\t\t\t<div class=\"elementor-widget-container\">\n\t\t\t\t\t<h3 class=\"elementor-heading-title elementor-size-default\">Traitements<\/h3>\t\t\t\t<\/div>\n\t\t\t\t<\/div>\n\t\t\t\t<div class=\"elementor-element elementor-element-7ddf28e elementor-widget elementor-widget-heading\" data-id=\"7ddf28e\" data-element_type=\"widget\" data-e-type=\"widget\" data-widget_type=\"heading.default\">\n\t\t\t\t<div class=\"elementor-widget-container\">\n\t\t\t\t\t<h1 class=\"elementor-heading-title elementor-size-default\">Orthop\u00e9die<\/h1>\t\t\t\t<\/div>\n\t\t\t\t<\/div>\n\t\t\t\t<div class=\"elementor-element elementor-element-1f5a8c4 elementor-widget elementor-widget-text-editor\" data-id=\"1f5a8c4\" data-element_type=\"widget\" data-e-type=\"widget\" data-widget_type=\"text-editor.default\">\n\t\t\t\t<div class=\"elementor-widget-container\">\n\t\t\t\t\t\t\t\t\t<p>L\u2019orthop\u00e9die concerne les probl\u00e8mes tels que les douleurs articulaires, les entorses, les tensions musculaires, les troubles posturaux et les limitations fonctionnelles.<\/p><p>Pour cela on utilise une combinaison de techniques manuelles, d&rsquo;exercices th\u00e9rapeutiques, de modalit\u00e9s physiques (comme la th\u00e9rapie par la chaleur ou le froid) et d&rsquo;\u00e9ducation du patient pour r\u00e9duire la douleur, restaurer la fonction et promouvoir la gu\u00e9rison.<\/p><p>L&rsquo;objectif principal est d&rsquo;am\u00e9liorer la qualit\u00e9 de vie du patient en favorisant la r\u00e9cup\u00e9ration et en pr\u00e9venant les complications \u00e0 long terme.<\/p>\t\t\t\t\t\t\t\t<\/div>\n\t\t\t\t<\/div>\n\t\t\t\t\t<\/div>\n\t\t<\/div>\n\t\t\t\t\t<\/div>\n\t\t<\/section>\n\t\t\t\t\t<\/div>\n\t\t<\/div>\n\t\t\t\t<div class=\"elementor-column elementor-col-50 elementor-top-column elementor-element elementor-element-f5f8cd2\" data-id=\"f5f8cd2\" data-element_type=\"column\" data-e-type=\"column\">\n\t\t\t<div class=\"elementor-widget-wrap elementor-element-populated\">\n\t\t\t\t\t\t<div class=\"elementor-element elementor-element-45acfb5 elementor-widget elementor-widget-image\" data-id=\"45acfb5\" data-element_type=\"widget\" data-e-type=\"widget\" data-widget_type=\"image.default\">\n\t\t\t\t<div class=\"elementor-widget-container\">\n\t\t\t\t\t\t\t\t\t\t\t\t\t\t\t<img fetchpriority=\"high\" decoding=\"async\" width=\"700\" height=\"700\" src=\"https:\/\/celinegatignon.ch\/wp-content\/uploads\/physio-nyon-orthopedie.jpg\" class=\"attachment-large size-large wp-image-420\" alt=\"Physio Nyon - Orthop\u00e9die\" srcset=\"https:\/\/celinegatignon.ch\/wp-content\/uploads\/physio-nyon-orthopedie.jpg 700w, https:\/\/celinegatignon.ch\/wp-content\/uploads\/physio-nyon-orthopedie-300x300.jpg 300w, https:\/\/celinegatignon.ch\/wp-content\/uploads\/physio-nyon-orthopedie-150x150.jpg 150w\" sizes=\"(max-width: 700px) 100vw, 700px\" \/>\t\t\t\t\t\t\t\t\t\t\t\t\t\t\t<\/div>\n\t\t\t\t<\/div>\n\t\t\t\t<div class=\"elementor-element elementor-element-9a83745 elementor-widget__width-auto elementor-widget elementor-widget-heading\" data-id=\"9a83745\" data-element_type=\"widget\" data-e-type=\"widget\" data-widget_type=\"heading.default\">\n\t\t\t\t<div class=\"elementor-widget-container\">\n\t\t\t\t\t<h2 class=\"elementor-heading-title elementor-size-default\">Orthop\u00e9die<\/h2>\t\t\t\t<\/div>\n\t\t\t\t<\/div>\n\t\t\t\t\t<\/div>\n\t\t<\/div>\n\t\t\t\t\t<\/div>\n\t\t<\/section>\n\t\t\t\t<\/div>\n\t\t","protected":false},"excerpt":{"rendered":"<p>\u00ab\u00a0 Traitements Orthop\u00e9die L\u2019orthop\u00e9die concerne les probl\u00e8mes tels que les douleurs articulaires, les entorses, les tensions musculaires, les troubles posturaux et les limitations fonctionnelles. Pour cela on utilise une combinaison de techniques manuelles, d&rsquo;exercices th\u00e9rapeutiques, de modalit\u00e9s physiques (comme la th\u00e9rapie par la chaleur ou le froid) et d&rsquo;\u00e9ducation du patient pour r\u00e9duire la douleur, [&hellip;]<\/p>\n","protected":false},"author":2,"featured_media":420,"parent":183,"menu_order":0,"comment_status":"closed","ping_status":"closed","template":"","meta":{"footnotes":""},"class_list":["post-201","page","type-page","status-publish","has-post-thumbnail","hentry"],"_links":{"self":[{"href":"https:\/\/celinegatignon.ch\/fr\/wp-json\/wp\/v2\/pages\/201","targetHints":{"allow":["GET"]}}],"collection":[{"href":"https:\/\/celinegatignon.ch\/fr\/wp-json\/wp\/v2\/pages"}],"about":[{"href":"https:\/\/celinegatignon.ch\/fr\/wp-json\/wp\/v2\/types\/page"}],"author":[{"embeddable":true,"href":"https:\/\/celinegatignon.ch\/fr\/wp-json\/wp\/v2\/users\/2"}],"replies":[{"embeddable":true,"href":"https:\/\/celinegatignon.ch\/fr\/wp-json\/wp\/v2\/comments?post=201"}],"version-history":[{"count":16,"href":"https:\/\/celinegatignon.ch\/fr\/wp-json\/wp\/v2\/pages\/201\/revisions"}],"predecessor-version":[{"id":723,"href":"https:\/\/celinegatignon.ch\/fr\/wp-json\/wp\/v2\/pages\/201\/revisions\/723"}],"up":[{"embeddable":true,"href":"https:\/\/celinegatignon.ch\/fr\/wp-json\/wp\/v2\/pages\/183"}],"wp:featuredmedia":[{"embeddable":true,"href":"https:\/\/celinegatignon.ch\/fr\/wp-json\/wp\/v2\/media\/420"}],"wp:attachment":[{"href":"https:\/\/celinegatignon.ch\/fr\/wp-json\/wp\/v2\/media?parent=201"}],"curies":[{"name":"wp","href":"https:\/\/api.w.org\/{rel}","templated":true}]}}