{"id":199,"date":"2023-06-26T16:44:55","date_gmt":"2023-06-26T14:44:55","guid":{"rendered":"https:\/\/celinegatignon.ch\/?page_id=199"},"modified":"2023-10-03T15:10:21","modified_gmt":"2023-10-03T13:10:21","slug":"physiotherapie-generale","status":"publish","type":"page","link":"https:\/\/celinegatignon.ch\/fr\/traitements\/physiotherapie-generale\/","title":{"rendered":"Physioth\u00e9rapie g\u00e9n\u00e9rale"},"content":{"rendered":"\t\t<div data-elementor-type=\"wp-page\" data-elementor-id=\"199\" class=\"elementor elementor-199\" data-elementor-post-type=\"page\">\n\t\t\t\t\t\t<section class=\"elementor-section elementor-top-section elementor-element elementor-element-b54b790 elementor-section-full_width elementor-section-height-default elementor-section-height-default\" data-id=\"b54b790\" data-element_type=\"section\" data-e-type=\"section\">\n\t\t\t\t\t\t<div class=\"elementor-container elementor-column-gap-default\">\n\t\t\t\t\t<div class=\"elementor-column elementor-col-50 elementor-top-column elementor-element elementor-element-3b5919e\" data-id=\"3b5919e\" data-element_type=\"column\" data-e-type=\"column\">\n\t\t\t<div class=\"elementor-widget-wrap elementor-element-populated\">\n\t\t\t\t\t\t<section class=\"elementor-section elementor-inner-section elementor-element elementor-element-cb8a988 elementor-section-height-min-height elementor-section-boxed elementor-section-height-default\" data-id=\"cb8a988\" data-element_type=\"section\" data-e-type=\"section\">\n\t\t\t\t\t\t<div class=\"elementor-container elementor-column-gap-default\">\n\t\t\t\t\t<div class=\"elementor-column elementor-col-100 elementor-inner-column elementor-element elementor-element-18850fd\" data-id=\"18850fd\" data-element_type=\"column\" data-e-type=\"column\" data-settings=\"{&quot;motion_fx_motion_fx_scrolling&quot;:&quot;yes&quot;,&quot;motion_fx_translateX_effect&quot;:&quot;yes&quot;,&quot;motion_fx_translateX_speed&quot;:{&quot;unit&quot;:&quot;px&quot;,&quot;size&quot;:&quot;1&quot;,&quot;sizes&quot;:[]},&quot;motion_fx_translateX_affectedRange&quot;:{&quot;unit&quot;:&quot;%&quot;,&quot;size&quot;:&quot;&quot;,&quot;sizes&quot;:{&quot;start&quot;:&quot;0&quot;,&quot;end&quot;:&quot;50&quot;}},&quot;motion_fx_devices&quot;:[&quot;desktop&quot;]}\">\n\t\t\t<div class=\"elementor-widget-wrap elementor-element-populated\">\n\t\t\t\t\t\t<div class=\"elementor-element elementor-element-ca0fa03 elementor-widget elementor-widget-heading\" data-id=\"ca0fa03\" data-element_type=\"widget\" data-e-type=\"widget\" data-widget_type=\"heading.default\">\n\t\t\t\t<div class=\"elementor-widget-container\">\n\t\t\t\t\t<p class=\"elementor-heading-title elementor-size-default\">\"<\/p>\t\t\t\t<\/div>\n\t\t\t\t<\/div>\n\t\t\t\t<div class=\"elementor-element elementor-element-3128bfc elementor-widget elementor-widget-heading\" data-id=\"3128bfc\" data-element_type=\"widget\" data-e-type=\"widget\" data-widget_type=\"heading.default\">\n\t\t\t\t<div class=\"elementor-widget-container\">\n\t\t\t\t\t<h3 class=\"elementor-heading-title elementor-size-default\">Traitements<\/h3>\t\t\t\t<\/div>\n\t\t\t\t<\/div>\n\t\t\t\t<div class=\"elementor-element elementor-element-b8c3888 elementor-widget elementor-widget-heading\" data-id=\"b8c3888\" data-element_type=\"widget\" data-e-type=\"widget\" data-widget_type=\"heading.default\">\n\t\t\t\t<div class=\"elementor-widget-container\">\n\t\t\t\t\t<h1 class=\"elementor-heading-title elementor-size-default\">Physioth\u00e9rapie\n<br><b>g\u00e9n\u00e9rale<\/b><\/h1>\t\t\t\t<\/div>\n\t\t\t\t<\/div>\n\t\t\t\t<div class=\"elementor-element elementor-element-732b37f elementor-widget elementor-widget-text-editor\" data-id=\"732b37f\" data-element_type=\"widget\" data-e-type=\"widget\" data-widget_type=\"text-editor.default\">\n\t\t\t\t<div class=\"elementor-widget-container\">\n\t\t\t\t\t\t\t\t\t<p>La physioth\u00e9rapie g\u00e9n\u00e9rale est une discipline param\u00e9dicale qui vise \u00e0 am\u00e9liorer la sant\u00e9 physique et la qualit\u00e9 de vie des individus en utilisant des techniques non m\u00e9dicamenteuses et des exercices th\u00e9rapeutiques. Les physioth\u00e9rapeutes, des professionnels de la sant\u00e9 sp\u00e9cialement form\u00e9s, interviennent aupr\u00e8s de patients de tous \u00e2ges et de diverses conditions m\u00e9dicales.<\/p><p>Le processus commence par une \u00e9valuation approfondie de la condition physique du patient, ainsi que de ses ant\u00e9c\u00e9dents m\u00e9dicaux, afin de cerner les besoins sp\u00e9cifiques du traitement. Ensuite, le physioth\u00e9rapeute \u00e9labore un plan de traitement personnalis\u00e9, en se concentrant sur l&rsquo;am\u00e9lioration de la mobilit\u00e9, de la force musculaire, de l&rsquo;\u00e9quilibre et de la souplesse.<\/p><p>Parmi les techniques couramment utilis\u00e9es en physioth\u00e9rapie g\u00e9n\u00e9rale, on trouve les exercices th\u00e9rapeutiques, les mobilisations articulaires, les techniques de renforcement musculaire, les massages et les \u00e9tirements. L&rsquo;utilisation d&rsquo;appareils sp\u00e9cialis\u00e9s peut \u00e9galement \u00eatre incluse dans le processus de r\u00e9\u00e9ducation.<\/p><p>La physioth\u00e9rapie g\u00e9n\u00e9rale est souvent recommand\u00e9e pour traiter une vari\u00e9t\u00e9 de probl\u00e8mes de sant\u00e9, tels que les blessures sportives, les troubles musculo-squelettiques, les douleurs chroniques, les probl\u00e8mes neurologiques, les troubles respiratoires et les affections li\u00e9es au vieillissement.<\/p><p>En favorisant la gu\u00e9rison naturelle du corps et en am\u00e9liorant la fonction physique, la physioth\u00e9rapie g\u00e9n\u00e9rale joue un r\u00f4le essentiel dans la r\u00e9habilitation et la pr\u00e9vention des probl\u00e8mes de sant\u00e9, contribuant ainsi \u00e0 am\u00e9liorer la qualit\u00e9 de vie globale des patients.<\/p>\t\t\t\t\t\t\t\t<\/div>\n\t\t\t\t<\/div>\n\t\t\t\t\t<\/div>\n\t\t<\/div>\n\t\t\t\t\t<\/div>\n\t\t<\/section>\n\t\t\t\t\t<\/div>\n\t\t<\/div>\n\t\t\t\t<div class=\"elementor-column elementor-col-50 elementor-top-column elementor-element elementor-element-0418792\" data-id=\"0418792\" data-element_type=\"column\" data-e-type=\"column\">\n\t\t\t<div class=\"elementor-widget-wrap elementor-element-populated\">\n\t\t\t\t\t\t<div class=\"elementor-element elementor-element-ff138c3 elementor-widget elementor-widget-image\" data-id=\"ff138c3\" data-element_type=\"widget\" data-e-type=\"widget\" data-widget_type=\"image.default\">\n\t\t\t\t<div class=\"elementor-widget-container\">\n\t\t\t\t\t\t\t\t\t\t\t\t\t\t\t<img fetchpriority=\"high\" decoding=\"async\" width=\"700\" height=\"700\" src=\"https:\/\/celinegatignon.ch\/wp-content\/uploads\/physio-nyon-general.jpg\" class=\"attachment-large size-large wp-image-406\" alt=\"Physioth\u00e9rapie Nyon\" srcset=\"https:\/\/celinegatignon.ch\/wp-content\/uploads\/physio-nyon-general.jpg 700w, https:\/\/celinegatignon.ch\/wp-content\/uploads\/physio-nyon-general-300x300.jpg 300w, https:\/\/celinegatignon.ch\/wp-content\/uploads\/physio-nyon-general-150x150.jpg 150w\" sizes=\"(max-width: 700px) 100vw, 700px\" \/>\t\t\t\t\t\t\t\t\t\t\t\t\t\t\t<\/div>\n\t\t\t\t<\/div>\n\t\t\t\t<div class=\"elementor-element elementor-element-1314d1d elementor-widget__width-auto elementor-widget elementor-widget-heading\" data-id=\"1314d1d\" data-element_type=\"widget\" data-e-type=\"widget\" data-widget_type=\"heading.default\">\n\t\t\t\t<div class=\"elementor-widget-container\">\n\t\t\t\t\t<h2 class=\"elementor-heading-title elementor-size-default\">Physioth\u00e9rapie<\/h2>\t\t\t\t<\/div>\n\t\t\t\t<\/div>\n\t\t\t\t\t<\/div>\n\t\t<\/div>\n\t\t\t\t\t<\/div>\n\t\t<\/section>\n\t\t\t\t<section class=\"elementor-section elementor-top-section elementor-element elementor-element-ed1e0e1 elementor-section-full_width elementor-section-height-default elementor-section-height-default\" data-id=\"ed1e0e1\" data-element_type=\"section\" data-e-type=\"section\">\n\t\t\t\t\t\t<div class=\"elementor-container elementor-column-gap-no\">\n\t\t\t\t\t<div class=\"elementor-column elementor-col-100 elementor-top-column elementor-element elementor-element-4b1da25\" data-id=\"4b1da25\" data-element_type=\"column\" data-e-type=\"column\">\n\t\t\t<div class=\"elementor-widget-wrap elementor-element-populated\">\n\t\t\t\t\t\t<div class=\"elementor-element elementor-element-dcb209d elementor-widget elementor-widget-image\" data-id=\"dcb209d\" data-element_type=\"widget\" data-e-type=\"widget\" data-widget_type=\"image.default\">\n\t\t\t\t<div class=\"elementor-widget-container\">\n\t\t\t\t\t\t\t\t\t\t\t\t\t\t\t<img decoding=\"async\" width=\"1340\" height=\"754\" src=\"https:\/\/celinegatignon.ch\/wp-content\/uploads\/cabinet-physio-nyon-celinegatignon-8-1.jpg\" class=\"attachment-full size-full wp-image-825\" alt=\"Cabinet Physio Nyon C\u00e9line Gatignon\" srcset=\"https:\/\/celinegatignon.ch\/wp-content\/uploads\/cabinet-physio-nyon-celinegatignon-8-1.jpg 1340w, https:\/\/celinegatignon.ch\/wp-content\/uploads\/cabinet-physio-nyon-celinegatignon-8-1-300x169.jpg 300w, https:\/\/celinegatignon.ch\/wp-content\/uploads\/cabinet-physio-nyon-celinegatignon-8-1-1024x576.jpg 1024w, https:\/\/celinegatignon.ch\/wp-content\/uploads\/cabinet-physio-nyon-celinegatignon-8-1-768x432.jpg 768w\" sizes=\"(max-width: 1340px) 100vw, 1340px\" \/>\t\t\t\t\t\t\t\t\t\t\t\t\t\t\t<\/div>\n\t\t\t\t<\/div>\n\t\t\t\t\t<\/div>\n\t\t<\/div>\n\t\t\t\t\t<\/div>\n\t\t<\/section>\n\t\t\t\t<\/div>\n\t\t","protected":false},"excerpt":{"rendered":"<p>\u00ab\u00a0 Traitements Physioth\u00e9rapie g\u00e9n\u00e9rale La physioth\u00e9rapie g\u00e9n\u00e9rale est une discipline param\u00e9dicale qui vise \u00e0 am\u00e9liorer la sant\u00e9 physique et la qualit\u00e9 de vie des individus en utilisant des techniques non m\u00e9dicamenteuses et des exercices th\u00e9rapeutiques. Les physioth\u00e9rapeutes, des professionnels de la sant\u00e9 sp\u00e9cialement form\u00e9s, interviennent aupr\u00e8s de patients de tous \u00e2ges et de diverses conditions [&hellip;]<\/p>\n","protected":false},"author":2,"featured_media":406,"parent":183,"menu_order":0,"comment_status":"closed","ping_status":"closed","template":"elementor_header_footer","meta":{"footnotes":""},"class_list":["post-199","page","type-page","status-publish","has-post-thumbnail","hentry"],"_links":{"self":[{"href":"https:\/\/celinegatignon.ch\/fr\/wp-json\/wp\/v2\/pages\/199","targetHints":{"allow":["GET"]}}],"collection":[{"href":"https:\/\/celinegatignon.ch\/fr\/wp-json\/wp\/v2\/pages"}],"about":[{"href":"https:\/\/celinegatignon.ch\/fr\/wp-json\/wp\/v2\/types\/page"}],"author":[{"embeddable":true,"href":"https:\/\/celinegatignon.ch\/fr\/wp-json\/wp\/v2\/users\/2"}],"replies":[{"embeddable":true,"href":"https:\/\/celinegatignon.ch\/fr\/wp-json\/wp\/v2\/comments?post=199"}],"version-history":[{"count":28,"href":"https:\/\/celinegatignon.ch\/fr\/wp-json\/wp\/v2\/pages\/199\/revisions"}],"predecessor-version":[{"id":829,"href":"https:\/\/celinegatignon.ch\/fr\/wp-json\/wp\/v2\/pages\/199\/revisions\/829"}],"up":[{"embeddable":true,"href":"https:\/\/celinegatignon.ch\/fr\/wp-json\/wp\/v2\/pages\/183"}],"wp:featuredmedia":[{"embeddable":true,"href":"https:\/\/celinegatignon.ch\/fr\/wp-json\/wp\/v2\/media\/406"}],"wp:attachment":[{"href":"https:\/\/celinegatignon.ch\/fr\/wp-json\/wp\/v2\/media?parent=199"}],"curies":[{"name":"wp","href":"https:\/\/api.w.org\/{rel}","templated":true}]}}