{"id":102,"date":"2023-06-26T15:05:56","date_gmt":"2023-06-26T13:05:56","guid":{"rendered":"https:\/\/celinegatignon.ch\/?page_id=102"},"modified":"2023-07-24T16:51:19","modified_gmt":"2023-07-24T14:51:19","slug":"infos-pratiques","status":"publish","type":"page","link":"https:\/\/celinegatignon.ch\/fr\/infos-pratiques\/","title":{"rendered":"Infos pratiques"},"content":{"rendered":"\t\t<div data-elementor-type=\"wp-page\" data-elementor-id=\"102\" class=\"elementor elementor-102\" data-elementor-post-type=\"page\">\n\t\t\t\t\t\t<section class=\"elementor-section elementor-top-section elementor-element elementor-element-ad6f749 elementor-section-full_width elementor-reverse-mobile elementor-section-height-default elementor-section-height-default\" data-id=\"ad6f749\" data-element_type=\"section\" data-e-type=\"section\">\n\t\t\t\t\t\t<div class=\"elementor-container elementor-column-gap-default\">\n\t\t\t\t\t<div class=\"elementor-column elementor-col-50 elementor-top-column elementor-element elementor-element-a3db265\" data-id=\"a3db265\" data-element_type=\"column\" data-e-type=\"column\">\n\t\t\t<div class=\"elementor-widget-wrap elementor-element-populated\">\n\t\t\t\t\t\t<div class=\"elementor-element elementor-element-294f5a4 elementor-widget elementor-widget-image\" data-id=\"294f5a4\" data-element_type=\"widget\" data-e-type=\"widget\" data-widget_type=\"image.default\">\n\t\t\t\t<div class=\"elementor-widget-container\">\n\t\t\t\t\t\t\t\t\t\t\t\t\t\t\t<img fetchpriority=\"high\" decoding=\"async\" width=\"700\" height=\"700\" src=\"https:\/\/celinegatignon.ch\/wp-content\/uploads\/cabinet-physio-nyon-celinegatignon-2.jpg\" class=\"attachment-full size-full wp-image-472\" alt=\"Cabinet Physio Nyon C\u00e9line Gatignon\" srcset=\"https:\/\/celinegatignon.ch\/wp-content\/uploads\/cabinet-physio-nyon-celinegatignon-2.jpg 700w, https:\/\/celinegatignon.ch\/wp-content\/uploads\/cabinet-physio-nyon-celinegatignon-2-300x300.jpg 300w, https:\/\/celinegatignon.ch\/wp-content\/uploads\/cabinet-physio-nyon-celinegatignon-2-150x150.jpg 150w\" sizes=\"(max-width: 700px) 100vw, 700px\" \/>\t\t\t\t\t\t\t\t\t\t\t\t\t\t\t<\/div>\n\t\t\t\t<\/div>\n\t\t\t\t<div class=\"elementor-element elementor-element-4aeac58 elementor-widget__width-auto elementor-widget elementor-widget-heading\" data-id=\"4aeac58\" data-element_type=\"widget\" data-e-type=\"widget\" data-widget_type=\"heading.default\">\n\t\t\t\t<div class=\"elementor-widget-container\">\n\t\t\t\t\t<h2 class=\"elementor-heading-title elementor-size-default\">Au centre de nyon<\/h2>\t\t\t\t<\/div>\n\t\t\t\t<\/div>\n\t\t\t\t\t<\/div>\n\t\t<\/div>\n\t\t\t\t<div class=\"elementor-column elementor-col-50 elementor-top-column elementor-element elementor-element-42d8864\" data-id=\"42d8864\" data-element_type=\"column\" data-e-type=\"column\">\n\t\t\t<div class=\"elementor-widget-wrap elementor-element-populated\">\n\t\t\t\t\t\t<section class=\"elementor-section elementor-inner-section elementor-element elementor-element-b231f17 elementor-section-height-min-height elementor-section-boxed elementor-section-height-default\" data-id=\"b231f17\" data-element_type=\"section\" data-e-type=\"section\">\n\t\t\t\t\t\t<div class=\"elementor-container elementor-column-gap-default\">\n\t\t\t\t\t<div class=\"elementor-column elementor-col-100 elementor-inner-column elementor-element elementor-element-f708740\" data-id=\"f708740\" data-element_type=\"column\" data-e-type=\"column\" data-settings=\"{&quot;motion_fx_motion_fx_scrolling&quot;:&quot;yes&quot;,&quot;motion_fx_translateX_effect&quot;:&quot;yes&quot;,&quot;motion_fx_translateX_speed&quot;:{&quot;unit&quot;:&quot;px&quot;,&quot;size&quot;:&quot;1&quot;,&quot;sizes&quot;:[]},&quot;motion_fx_translateX_affectedRange&quot;:{&quot;unit&quot;:&quot;%&quot;,&quot;size&quot;:&quot;&quot;,&quot;sizes&quot;:{&quot;start&quot;:&quot;0&quot;,&quot;end&quot;:&quot;50&quot;}},&quot;motion_fx_devices&quot;:[&quot;desktop&quot;]}\">\n\t\t\t<div class=\"elementor-widget-wrap elementor-element-populated\">\n\t\t\t\t\t\t<div class=\"elementor-element elementor-element-5d72523 elementor-widget elementor-widget-heading\" data-id=\"5d72523\" data-element_type=\"widget\" data-e-type=\"widget\" data-widget_type=\"heading.default\">\n\t\t\t\t<div class=\"elementor-widget-container\">\n\t\t\t\t\t<p class=\"elementor-heading-title elementor-size-default\">\"<\/p>\t\t\t\t<\/div>\n\t\t\t\t<\/div>\n\t\t\t\t<div class=\"elementor-element elementor-element-e050b29 elementor-widget elementor-widget-heading\" data-id=\"e050b29\" data-element_type=\"widget\" data-e-type=\"widget\" data-widget_type=\"heading.default\">\n\t\t\t\t<div class=\"elementor-widget-container\">\n\t\t\t\t\t<h3 class=\"elementor-heading-title elementor-size-default\">Cabinet de physioth\u00e9rapie \u00e0 Nyon<\/h3>\t\t\t\t<\/div>\n\t\t\t\t<\/div>\n\t\t\t\t<div class=\"elementor-element elementor-element-16181f5 elementor-widget elementor-widget-heading\" data-id=\"16181f5\" data-element_type=\"widget\" data-e-type=\"widget\" data-widget_type=\"heading.default\">\n\t\t\t\t<div class=\"elementor-widget-container\">\n\t\t\t\t\t<h1 class=\"elementor-heading-title elementor-size-default\">Infos\n<br><b>pratiques<\/b><\/h1>\t\t\t\t<\/div>\n\t\t\t\t<\/div>\n\t\t\t\t<div class=\"elementor-element elementor-element-66334d2 elementor-widget elementor-widget-text-editor\" data-id=\"66334d2\" data-element_type=\"widget\" data-e-type=\"widget\" data-widget_type=\"text-editor.default\">\n\t\t\t\t<div class=\"elementor-widget-container\">\n\t\t\t\t\t\t\t\t\t<p><strong>Remboursement<\/strong><br \/>Par l\u2019assurance de base si vous avez une prescription m\u00e9dicale: le traitement doit \u00eatre commenc\u00e9 dans les 5 semaines qui suivent la date de cette prescription.<br \/><br \/>Sans prescription ou si vous avez une assurance internationale, le traitement vous sera directement factur\u00e9.<br \/><br \/><\/p><p><strong>Rendez-vous manqu\u00e9s<\/strong><br \/>Tout rendez-vous non annul\u00e9 24h \u00e0 l\u2019avance sera factur\u00e9.<br \/><br \/><\/p><p><strong>Dur\u00e9e de la s\u00e9ance<\/strong><br \/>Une s\u00e9ance dure g\u00e9n\u00e9ralement entre 25 et 30mn, habillage et d\u00e9shabillage compris. <br \/>En cas de traitement complexe, la s\u00e9ance sera entre 40 et 45mn.<br \/><br \/><\/p><p><strong>Premier traitement<\/strong><br \/>Venez avec votre carte d\u2019assurance maladie et votre bon de physioth\u00e9rapie si vous en avez un.<br \/><br \/>Pensez \u00e0 amener vos r\u00e9sultats d\u2019imagerie ou tout autre document pouvant \u00eatre utiles si vous en avez.<br \/><br \/>En cas d\u2019accident, le nom de votre assurance accident, la date de l\u2019accident et le num\u00e9ro de sinistre sont n\u00e9cessaires.<\/p>\t\t\t\t\t\t\t\t<\/div>\n\t\t\t\t<\/div>\n\t\t\t\t\t<\/div>\n\t\t<\/div>\n\t\t\t\t\t<\/div>\n\t\t<\/section>\n\t\t\t\t\t<\/div>\n\t\t<\/div>\n\t\t\t\t\t<\/div>\n\t\t<\/section>\n\t\t\t\t<\/div>\n\t\t","protected":false},"excerpt":{"rendered":"<p>Au centre de nyon \u00ab\u00a0 Cabinet de physioth\u00e9rapie \u00e0 Nyon Infos pratiques RemboursementPar l\u2019assurance de base si vous avez une prescription m\u00e9dicale: le traitement doit \u00eatre commenc\u00e9 dans les 5 semaines qui suivent la date de cette prescription. Sans prescription ou si vous avez une assurance internationale, le traitement vous sera directement factur\u00e9. Rendez-vous manqu\u00e9sTout [&hellip;]<\/p>\n","protected":false},"author":2,"featured_media":0,"parent":0,"menu_order":0,"comment_status":"closed","ping_status":"closed","template":"","meta":{"footnotes":""},"class_list":["post-102","page","type-page","status-publish","hentry"],"_links":{"self":[{"href":"https:\/\/celinegatignon.ch\/fr\/wp-json\/wp\/v2\/pages\/102","targetHints":{"allow":["GET"]}}],"collection":[{"href":"https:\/\/celinegatignon.ch\/fr\/wp-json\/wp\/v2\/pages"}],"about":[{"href":"https:\/\/celinegatignon.ch\/fr\/wp-json\/wp\/v2\/types\/page"}],"author":[{"embeddable":true,"href":"https:\/\/celinegatignon.ch\/fr\/wp-json\/wp\/v2\/users\/2"}],"replies":[{"embeddable":true,"href":"https:\/\/celinegatignon.ch\/fr\/wp-json\/wp\/v2\/comments?post=102"}],"version-history":[{"count":22,"href":"https:\/\/celinegatignon.ch\/fr\/wp-json\/wp\/v2\/pages\/102\/revisions"}],"predecessor-version":[{"id":692,"href":"https:\/\/celinegatignon.ch\/fr\/wp-json\/wp\/v2\/pages\/102\/revisions\/692"}],"wp:attachment":[{"href":"https:\/\/celinegatignon.ch\/fr\/wp-json\/wp\/v2\/media?parent=102"}],"curies":[{"name":"wp","href":"https:\/\/api.w.org\/{rel}","templated":true}]}}